{"id":18,"date":"2021-12-21T16:25:13","date_gmt":"2021-12-21T16:25:13","guid":{"rendered":"http:\/\/playamujeres.local\/?page_id=18"},"modified":"2025-08-29T22:09:51","modified_gmt":"2025-08-29T22:09:51","slug":"marina","status":"publish","type":"page","link":"https:\/\/playamujeres.com.mx\/es\/marina\/","title":{"rendered":"Marina"},"content":{"rendered":"","protected":false},"excerpt":{"rendered":"","protected":false},"author":1,"featured_media":0,"parent":0,"menu_order":0,"comment_status":"closed","ping_status":"closed","template":"templates\/tmp-marina-es.php","meta":{"footnotes":""},"class_list":["post-18","page","type-page","status-publish","hentry"],"acf":[],"yoast_head":"<!-- This site is optimized with the Yoast SEO plugin v19.9 - https:\/\/yoast.com\/wordpress\/plugins\/seo\/ -->\n<title>V&amp;V Marina - Playa Mujeres M\u00e9xico<\/title>\n<meta name=\"description\" content=\"V&amp;V Marina de lujo. Servicios de alta gama y placeres n\u00e1uticos excepcionales. Vive una experiencia mar\u00edtima inigualable.\" \/>\n<meta name=\"robots\" content=\"index, follow, max-snippet:-1, max-image-preview:large, max-video-preview:-1\" \/>\n<link rel=\"canonical\" href=\"https:\/\/playamujeres.com.mx\/es\/marina\/\" \/>\n<meta property=\"og:type\" content=\"article\" \/>\n<meta property=\"og:title\" content=\"V&amp;V Marina - Playa Mujeres M\u00e9xico\" \/>\n<meta property=\"og:description\" content=\"V&amp;V Marina de lujo. Servicios de alta gama y placeres n\u00e1uticos excepcionales. Vive una experiencia mar\u00edtima inigualable.\" \/>\n<meta property=\"og:url\" content=\"https:\/\/playamujeres.com.mx\/es\/marina\/\" \/>\n<meta property=\"og:site_name\" content=\"Playa Mujeres Resorts ES\" \/>\n<meta property=\"article:modified_time\" content=\"2025-08-29T22:09:51+00:00\" \/>\n<meta name=\"twitter:card\" content=\"summary_large_image\" \/>\n<!-- \/ Yoast SEO plugin. -->","yoast_head_json":{"title":"V&V Marina - Playa Mujeres M\u00e9xico","description":"V&V Marina de lujo. Servicios de alta gama y placeres n\u00e1uticos excepcionales. Vive una experiencia mar\u00edtima inigualable.","robots":{"index":"index","follow":"follow","max-snippet":"max-snippet:-1","max-image-preview":"max-image-preview:large","max-video-preview":"max-video-preview:-1"},"canonical":"https:\/\/playamujeres.com.mx\/es\/marina\/","og_type":"article","og_title":"V&V Marina - Playa Mujeres M\u00e9xico","og_description":"V&V Marina de lujo. Servicios de alta gama y placeres n\u00e1uticos excepcionales. Vive una experiencia mar\u00edtima inigualable.","og_url":"https:\/\/playamujeres.com.mx\/es\/marina\/","og_site_name":"Playa Mujeres Resorts ES","article_modified_time":"2025-08-29T22:09:51+00:00","twitter_card":"summary_large_image","schema":{"@context":"https:\/\/schema.org","@graph":[{"@type":"WebPage","@id":"https:\/\/playamujeres.com.mx\/es\/marina\/","url":"https:\/\/playamujeres.com.mx\/es\/marina\/","name":"V&V Marina - Playa Mujeres M\u00e9xico","isPartOf":{"@id":"https:\/\/playamujeres.com.mx\/es\/#website"},"datePublished":"2021-12-21T16:25:13+00:00","dateModified":"2025-08-29T22:09:51+00:00","description":"V&V Marina de lujo. Servicios de alta gama y placeres n\u00e1uticos excepcionales. Vive una experiencia mar\u00edtima inigualable.","breadcrumb":{"@id":"https:\/\/playamujeres.com.mx\/es\/marina\/#breadcrumb"},"inLanguage":"es","potentialAction":[{"@type":"ReadAction","target":["https:\/\/playamujeres.com.mx\/es\/marina\/"]}]},{"@type":"BreadcrumbList","@id":"https:\/\/playamujeres.com.mx\/es\/marina\/#breadcrumb","itemListElement":[{"@type":"ListItem","position":1,"name":"Home","item":"https:\/\/playamujeres.com.mx\/es\/"},{"@type":"ListItem","position":2,"name":"Marina"}]},{"@type":"WebSite","@id":"https:\/\/playamujeres.com.mx\/es\/#website","url":"https:\/\/playamujeres.com.mx\/es\/","name":"Playa Mujeres Resorts ES","description":"","potentialAction":[{"@type":"SearchAction","target":{"@type":"EntryPoint","urlTemplate":"https:\/\/playamujeres.com.mx\/es\/?s={search_term_string}"},"query-input":"required name=search_term_string"}],"inLanguage":"es"}]}},"lang":false,"translations":[],"_links":{"self":[{"href":"https:\/\/playamujeres.com.mx\/es\/wp-json\/wp\/v2\/pages\/18","targetHints":{"allow":["GET"]}}],"collection":[{"href":"https:\/\/playamujeres.com.mx\/es\/wp-json\/wp\/v2\/pages"}],"about":[{"href":"https:\/\/playamujeres.com.mx\/es\/wp-json\/wp\/v2\/types\/page"}],"author":[{"embeddable":true,"href":"https:\/\/playamujeres.com.mx\/es\/wp-json\/wp\/v2\/users\/1"}],"replies":[{"embeddable":true,"href":"https:\/\/playamujeres.com.mx\/es\/wp-json\/wp\/v2\/comments?post=18"}],"version-history":[{"count":1,"href":"https:\/\/playamujeres.com.mx\/es\/wp-json\/wp\/v2\/pages\/18\/revisions"}],"predecessor-version":[{"id":89,"href":"https:\/\/playamujeres.com.mx\/es\/wp-json\/wp\/v2\/pages\/18\/revisions\/89"}],"wp:attachment":[{"href":"https:\/\/playamujeres.com.mx\/es\/wp-json\/wp\/v2\/media?parent=18"}],"curies":[{"name":"wp","href":"https:\/\/api.w.org\/{rel}","templated":true}]}}