{"id":188,"date":"2022-01-18T12:54:18","date_gmt":"2022-01-18T12:54:18","guid":{"rendered":"https:\/\/playamujeres.baltr.xyz\/es\/?page_id=188"},"modified":"2025-09-02T22:47:25","modified_gmt":"2025-09-02T22:47:25","slug":"aviso-de-privacidad","status":"publish","type":"page","link":"https:\/\/playamujeres.com.mx\/es\/aviso-de-privacidad\/","title":{"rendered":"Aviso de privacidad"},"content":{"rendered":"\n<h1 class=\"has-text-align-center text-gold wp-block-heading\">Aviso de privacidad<\/h1>\n\n\n\n<div style=\"height:36px\" aria-hidden=\"true\" class=\"wp-block-spacer\"><\/div>\n\n\n\n<p>WWW.PLAYAMUJERES.COM.MX (en lo sucesivo &#8220;Playa Mujeres&#8221;), en cumplimiento a la Ley Federal de Protecci\u00f3n de Datos Personales en Posesi\u00f3n de los Particulares (la &#8220;Ley&#8221;), pone a su disposici\u00f3n el presente Aviso de Privacidad, con la finalidad de que conozca de qu\u00e9 manera se usan, divulgan y almacenan sus datos personales y cualquier informaci\u00f3n que se recabe a trav\u00e9s de nuestro sitio web (www.playamujeres.com.mx), a efecto de garantizar la privacidad de dicha informaci\u00f3n y el derecho a la autodeterminaci\u00f3n informativa de las personas.<\/p>\n\n\n\n<h3 class=\"wp-block-heading\">1. Finalidades y Uso de la Informaci\u00f3n.<\/h3>\n\n\n\n<p>Playa Mujeres utilizar\u00e1 su informaci\u00f3n para las siguientes finalidades principales:<\/p>\n\n\n\n<ul class=\"wp-block-list\"><li>Personalizar su experiencia, mediante los servicios y recursos que ofrecemos.<\/li><li>Obtener una retroalimentaci\u00f3n en nuestra base de datos.<\/li><li>Para enviarle correos electr\u00f3nicos.<\/li><li>Mercadotecnia o publicitaria.<\/li><li>Prospecci\u00f3n comercial.<\/li><\/ul>\n\n\n\n<p>Si el Usuario de datos personales (el &#8220;Usuario&#8221;) no desea que sus datos personales sean tratados para las finalidades secundarias se\u00f1aladas, o alguna de ellas, puede negarnos su consentimiento desde este momento envi\u00e1ndonos su solicitud a trav\u00e9s de la siguiente direcci\u00f3n de correo electr\u00f3nico contact@playamujeres.com<\/p>\n\n\n\n<p>IEn caso de que el Usuario manifieste su negativa en este sentido, no ser\u00e1 motivo para que <strong>Playa Mujeres<\/strong>, deje de proporcionarle los Servicios que haya contratado. Asimismo, le informamos que usted cuenta con un plazo de 6 (seis) d\u00edas h\u00e1biles para hacernos saber su negativa, contados a partir de la fecha en la que se le haya requerido informaci\u00f3n relacionada con sus datos personales.<\/p>\n\n\n\n<h3 class=\"wp-block-heading\">2. Tipo de informaci\u00f3n recabada.<\/h3>\n\n\n\n<p><strong>Playa Mujeres<\/strong> recabar\u00e1 sus datos cuando ingresa a nuestra p\u00e1gina web y crea una cuenta con un nombre de usuario y contrase\u00f1a, la cual se realiza en el momento en que decide contratar alguno de los Servicios que <strong>Playa Mujeres<\/strong> ofrece, los datos personales recabados pueden ser, entre otros: nombre, n\u00famero de tel\u00e9fono y direcci\u00f3n de correo electr\u00f3nico.<\/p>\n\n\n\n<h3 class=\"wp-block-heading\">Protecci\u00f3n de la informaci\u00f3n.<\/h3>\n\n\n\n<p>La informaci\u00f3n que <strong>Playa Mujeres<\/strong> obtiene a trav\u00e9s del portal www.playamujeres.com.mx se encuentra protegida por medidas de seguridad f\u00edsicas, tecnol\u00f3gicas y administrativas, siempre salvaguardando la informaci\u00f3n de los usuarios.<\/p>\n\n\n\n<h3 class=\"wp-block-heading\">4. Derechos ARCO.<\/h3>\n\n\n\n<p>Acceso y Rectificaci\u00f3n. El Usuario podr\u00e1 solicitar que <strong>Playa Mujeres<\/strong> le haga saber qu\u00e9 datos personales conserva en sus bases de datos, asimismo, el Usuario puede requerir que en caso de existir alg\u00fan error en ellos se rectifiquen.<\/p>\n\n\n\n<p>Cancelaci\u00f3n. El Usuario puede solicitar que se cancelen y\/o eliminen los datos personales de las bases de datos de <strong>Playa Mujeres<\/strong>, ya sea personalmente o por conducto de su representante legal, debidamente acreditado. Existen casos en que los datos personales no pueden ser cancelados por disposici\u00f3n de Ley.<\/p>\n\n\n\n<p>Oposici\u00f3n. El Usuario puede oponerse al tratamiento que se le da a sus datos personales, ya sea personalmente o por conducto de su representante legal. El Usuario en cualquier momento podr\u00e1 revocar el consentimiento que ha otorgado a <strong>Playa Mujeres<\/strong>, para el tratamiento de sus datos personales, limitar el uso o divulgaci\u00f3n de los mismos y\/o solicitar su devoluci\u00f3n, as\u00ed como ejercer los Derechos ARCO previstos en la Ley, mediante el env\u00edo de su solicitud a la direcci\u00f3n de correo electr\u00f3nico : contact@playamujeres.com<\/p>\n\n\n\n<p>Asimismo, el Usuario tambi\u00e9n podr\u00e1 ejercer sus Derechos enviando una solicitud por escrito incluyendo su nombre completo, tel\u00e9fono, domicilio y\/o correo electr\u00f3nico para o\u00edr y recibir notificaciones y copia simple de su identificaci\u00f3n oficial al siguiente domicilio: Mza 1 Smza 3, Punta Sam, Isla Mujeres, Quintana Roo, C.P. 77400. Dicha solicitud deber\u00e1 ser enviada en atenci\u00f3n al Responsable de la Protecci\u00f3n de Datos Personales.<\/p>\n\n\n\n<p>De conformidad con lo establecido en el Art\u00edculo 29 de la Ley, <strong>Playa Mujeres<\/strong> atender\u00e1 su solicitud en un plazo m\u00e1ximo de 20 (veinte) d\u00edas h\u00e1biles contados a partir de la fecha de recepci\u00f3n de su solicitud de acceso, rectificaci\u00f3n, cancelaci\u00f3n u oposici\u00f3n, se le dar\u00e1 contestaci\u00f3n acerca de la procedencia de la misma por medio de correo electr\u00f3nico dirigido a su persona, enviado a la direcci\u00f3n de correo electr\u00f3nico que haya indicado en la propia solicitud o enviando carta al domicilio que haya indicado. Dentro de dicho plazo le informaremos sobre la procedencia de la misma. Se considerar\u00e1 que <strong>Playa Mujeres<\/strong> cumpli\u00f3 con la respuesta a su solicitud, en el momento en que entregue la correspondencia al servicio postal, o bien en la fecha en que responda a su mensaje de correo electr\u00f3nico.<\/p>\n\n\n\n<h3 class=\"wp-block-heading\">5. Limitaci\u00f3n en el Uso o Divulgaci\u00f3n de los Datos Personales.<\/h3>\n\n\n\n<p>Asimismo, el Usuario puede limitar el uso o divulgaci\u00f3n de sus datos personales de conformidad con lo siguiente:<\/p>\n\n\n\n<p><strong>I.<\/strong> Inscribirse en el Registro P\u00fablico para evitar Publicidad de la Procuradur\u00eda Federal del Consumidor. Para mayor informaci\u00f3n respecto de esta inscripci\u00f3n, usted puede ponerse en contacto directamente con la Procuradur\u00eda Federal del Consumidor ingresando a la siguiente liga: http:\/\/rpc.profeco.gob.mx o llamando desde la Ciudad de M\u00e9xico, Guadalajara y\/o Monterrey al 96 28 00 00 y desde el resto de la Rep\u00fablica Mexicana al 01 800 962 8000.<\/p>\n\n\n\n<p><strong>II.<\/strong> Solicitar a <strong>Playa Mujeres<\/strong> su inscripci\u00f3n al &#8220;Listado de Exclusi\u00f3n&#8221;, con el objeto de no recibir informaci\u00f3n de nuestros productos y servicios.<\/p>\n\n\n\n<h3 class=\"wp-block-heading\">6. Responsable de la Protecci\u00f3n de Datos.<\/h3>\n\n\n\n<p>El Responsable de la Protecci\u00f3n de Datos establece los controles y procesos de protecci\u00f3n a los datos personales contra p\u00e9rdida, menoscabo, alteraci\u00f3n, destrucci\u00f3n, uso, acceso o tratamiento no autorizado. Asimismo, <strong>Playa Mujeres<\/strong> ha establecido los procesos de atenci\u00f3n a los usuarios, para que puedan ejercer sus derechos de acceso, rectificaci\u00f3n, cancelaci\u00f3n y\/u oposici\u00f3n previstos en la Ley.<\/p>\n\n\n\n<p>El Responsable de la Protecci\u00f3n de Datos procurar\u00e1 que los datos personales contenidos en las bases de datos sean pertinentes, correctos y actualizados para los fines para los cuales fueron recabados y cuando hayan dejado de ser necesarios para el cumplimiento de las finalidades previstas, deber\u00e1n ser cancelados.<\/p>\n\n\n\n<p>El usuario podr\u00e1 realizar cualquier comentario respecto del presente Aviso de Privacidad Integral o ejercitar los derechos que la Ley le otorga ante el Responsable de la Protecci\u00f3n de Datos de <strong>Playa Mujeres<\/strong>, ubicado en Mza 1 Smza 3, Punta Sam, Isla Mujeres, Quintana Roo, C.P. 77400, o enviando un correo electr\u00f3nico a la siguiente direcci\u00f3n: contact@playamujeres.com<\/p>\n\n\n\n<h3 class=\"wp-block-heading\">7. Uso de cookies<\/h3>\n\n\n\n<p>Los cookies, entre otras cosas, aceleran la navegaci\u00f3n a trav\u00e9s de nuestro sitio, llevan una bit\u00e1cora de la informaci\u00f3n de manera que usted no requiera reentrar cada vez que visite nuestro sitio y podr\u00edan proveerle con contenido uniforme. Un cookie es un mecanismo de internet compuesto por un peque\u00f1o archivo de texto que contiene un n\u00famero de identificaci\u00f3n \u00fanico que le permite al servidor de internet enviar peque\u00f1as porciones de informaci\u00f3n o texto a trav\u00e9s de su navegador y colocarla en la memoria del disco duro de su computadora. Este texto le permite al servidor de internet conocer si usted visit\u00f3 anteriormente la p\u00e1gina. Los cookies por si solos no pueden utilizarse para conocer la identidad del usuario.<\/p>\n\n\n\n<p>Utilizamos cookies para recopilar y mantener informaci\u00f3n agregada (tal como el n\u00famero de visitantes) con el objeto de reconocer las \u00e1reas m\u00e1s populares entre los usuarios y para mejorar y actualizar el contenido de nuestro sitio. Si durante el proceso de visita de nuestro sitio, usted tambi\u00e9n nos provee con informaci\u00f3n que no revela su identidad personal, por ejemplo, el tipo de inmuebles en el que usted est\u00e1 interesado- Utilizamos esta informaci\u00f3n agregada \u00fanicamente como lo establece este aviso de privacidad. No identificamos la informaci\u00f3n agregada con nombre, direcci\u00f3n o cualquier otra que implique identidad.<\/p>\n\n\n\n<h3 class=\"wp-block-heading\">8. Cambios al Aviso de Privacidad.<\/h3>\n\n\n\n<p>Playa Mujeres podr\u00e1 modificar a su entera discreci\u00f3n este Aviso de Privacidad Integral, dichos cambios se har\u00e1n del conocimiento de los usuarios de <strong>Playa Mujeres<\/strong>, a trav\u00e9s de nuestra p\u00e1gina de Internet www.playamujeres.com.mx, en la secci\u00f3n Aviso de Privacidad.<\/p>\n\n\n\n<h3 class=\"wp-block-heading\">9. Aceptaci\u00f3n del Aviso de Privacidad Integral.<\/h3>\n\n\n\n<p>El presente Aviso de Privacidad Integral constituye un acuerdo v\u00e1lido entre el Usuario y <strong>Playa Mujeres<\/strong>, si el usuario utiliza los Servicios de <strong>Playa Mujeres<\/strong>, significa que ha le\u00eddo, entendido, aceptado y consecuentemente acordado los t\u00e9rminos de dicho Aviso de Privacidad Integral. En caso de que el usuario no est\u00e1 de acuerdo con los t\u00e9rminos del presente aviso de privacidad, no deber\u00e1 proporcionar ning\u00fan tipo de informaci\u00f3n, ni utilizar los Servicios o cualquier tipo de informaci\u00f3n relacionada con este sitio web.<\/p>\n\n\n\n<h3 class=\"wp-block-heading\">10. Preguntas o Comentarios.<\/h3>\n\n\n\n<p>Si el Usuario tiene alguna pregunta sobre este Aviso de Privacidad, por favor p\u00f3ngase en contacto con <strong>Playa Mujeres<\/strong> a trav\u00e9s de la direcci\u00f3n de correo electr\u00f3nico: contact@playamujeres.com<\/p>\n\n\n\n<h3 class=\"wp-block-heading\">11. Denuncias<\/h3>\n\n\n\n<p>Si el Usuario considera que su Derecho a la Protecci\u00f3n de Datos Personales ha sido objeto de un tratamiento indebido o contrario a las disposiciones de la Ley Federal de Protecci\u00f3n de Datos Personales en Posesi\u00f3n de los Particulares y su Reglamento, podr\u00e1 interponer una denuncia o queja ante el Instituto Nacional de Transparencia, Acceso a la Informaci\u00f3n y Protecci\u00f3n de Datos Personales (INAI), para mayor informaci\u00f3n:<\/p>\n\n\n\n<p>Comun\u00edquese al servicio telef\u00f3nico gratuito Tel INAI 01 800 835 43 24. El horario de atenci\u00f3n es de 09:00 a 18:00 horas, de lunes a jueves y el viernes de 09:00 a 15:00 horas del centro del pa\u00eds; o &#8211; Visite el siguiente link: http:\/\/www.ifai.org.mx<\/p>\n\n\n\n<p>\u00daltima actualizaci\u00f3n del Aviso de Privacidad: Julio del 2020.<\/p>\n","protected":false},"excerpt":{"rendered":"<p>Aviso de privacidad WWW.PLAYAMUJERES.COM.MX (en lo sucesivo &#8220;Playa Mujeres&#8221;), en cumplimiento a la Ley Federal de Protecci\u00f3n de Datos Personales en Posesi\u00f3n de los Particulares (la &#8220;Ley&#8221;), pone a su disposici\u00f3n el presente Aviso de Privacidad, con la finalidad de que conozca de qu\u00e9 manera se usan, divulgan y almacenan sus datos personales y cualquier [&hellip;]<\/p>\n","protected":false},"author":1,"featured_media":0,"parent":0,"menu_order":0,"comment_status":"closed","ping_status":"closed","template":"","meta":{"footnotes":""},"class_list":["post-188","page","type-page","status-publish","hentry"],"acf":[],"yoast_head":"<!-- This site is optimized with the Yoast SEO plugin v19.9 - https:\/\/yoast.com\/wordpress\/plugins\/seo\/ -->\n<title>Aviso de privacidad - Playa Mujeres Resorts<\/title>\n<meta name=\"description\" content=\"Playa Mujeres en cumplimiento Ley Federal de Protecci\u00f3n de Datos Personales, pone a disposici\u00f3n el presente Aviso de Privacidad\" \/>\n<meta name=\"robots\" content=\"index, follow, max-snippet:-1, max-image-preview:large, max-video-preview:-1\" \/>\n<link rel=\"canonical\" href=\"https:\/\/playamujeres.com.mx\/es\/aviso-de-privacidad\/\" \/>\n<meta property=\"og:type\" content=\"article\" \/>\n<meta property=\"og:title\" content=\"Aviso de privacidad - Playa Mujeres Resorts\" \/>\n<meta property=\"og:description\" content=\"Playa Mujeres en cumplimiento Ley Federal de Protecci\u00f3n de Datos Personales, pone a disposici\u00f3n el presente Aviso de Privacidad\" \/>\n<meta property=\"og:url\" content=\"https:\/\/playamujeres.com.mx\/es\/aviso-de-privacidad\/\" \/>\n<meta property=\"og:site_name\" content=\"Playa Mujeres Resorts ES\" \/>\n<meta property=\"article:modified_time\" content=\"2025-09-02T22:47:25+00:00\" \/>\n<meta name=\"twitter:card\" content=\"summary_large_image\" \/>\n<meta name=\"twitter:label1\" content=\"Tiempo de lectura\" \/>\n\t<meta name=\"twitter:data1\" content=\"7 minutos\" \/>\n<!-- \/ Yoast SEO plugin. -->","yoast_head_json":{"title":"Aviso de privacidad - Playa Mujeres Resorts","description":"Playa Mujeres en cumplimiento Ley Federal de Protecci\u00f3n de Datos Personales, pone a disposici\u00f3n el presente Aviso de Privacidad","robots":{"index":"index","follow":"follow","max-snippet":"max-snippet:-1","max-image-preview":"max-image-preview:large","max-video-preview":"max-video-preview:-1"},"canonical":"https:\/\/playamujeres.com.mx\/es\/aviso-de-privacidad\/","og_type":"article","og_title":"Aviso de privacidad - Playa Mujeres Resorts","og_description":"Playa Mujeres en cumplimiento Ley Federal de Protecci\u00f3n de Datos Personales, pone a disposici\u00f3n el presente Aviso de Privacidad","og_url":"https:\/\/playamujeres.com.mx\/es\/aviso-de-privacidad\/","og_site_name":"Playa Mujeres Resorts ES","article_modified_time":"2025-09-02T22:47:25+00:00","twitter_card":"summary_large_image","twitter_misc":{"Tiempo de lectura":"7 minutos"},"schema":{"@context":"https:\/\/schema.org","@graph":[{"@type":"WebPage","@id":"https:\/\/playamujeres.com.mx\/es\/aviso-de-privacidad\/","url":"https:\/\/playamujeres.com.mx\/es\/aviso-de-privacidad\/","name":"Aviso de privacidad - Playa Mujeres Resorts","isPartOf":{"@id":"https:\/\/playamujeres.com.mx\/es\/#website"},"datePublished":"2022-01-18T12:54:18+00:00","dateModified":"2025-09-02T22:47:25+00:00","description":"Playa Mujeres en cumplimiento Ley Federal de Protecci\u00f3n de Datos Personales, pone a disposici\u00f3n el presente Aviso de Privacidad","breadcrumb":{"@id":"https:\/\/playamujeres.com.mx\/es\/aviso-de-privacidad\/#breadcrumb"},"inLanguage":"es","potentialAction":[{"@type":"ReadAction","target":["https:\/\/playamujeres.com.mx\/es\/aviso-de-privacidad\/"]}]},{"@type":"BreadcrumbList","@id":"https:\/\/playamujeres.com.mx\/es\/aviso-de-privacidad\/#breadcrumb","itemListElement":[{"@type":"ListItem","position":1,"name":"Home","item":"https:\/\/playamujeres.com.mx\/es\/"},{"@type":"ListItem","position":2,"name":"Aviso de privacidad"}]},{"@type":"WebSite","@id":"https:\/\/playamujeres.com.mx\/es\/#website","url":"https:\/\/playamujeres.com.mx\/es\/","name":"Playa Mujeres Resorts ES","description":"","potentialAction":[{"@type":"SearchAction","target":{"@type":"EntryPoint","urlTemplate":"https:\/\/playamujeres.com.mx\/es\/?s={search_term_string}"},"query-input":"required name=search_term_string"}],"inLanguage":"es"}]}},"lang":false,"translations":[],"_links":{"self":[{"href":"https:\/\/playamujeres.com.mx\/es\/wp-json\/wp\/v2\/pages\/188","targetHints":{"allow":["GET"]}}],"collection":[{"href":"https:\/\/playamujeres.com.mx\/es\/wp-json\/wp\/v2\/pages"}],"about":[{"href":"https:\/\/playamujeres.com.mx\/es\/wp-json\/wp\/v2\/types\/page"}],"author":[{"embeddable":true,"href":"https:\/\/playamujeres.com.mx\/es\/wp-json\/wp\/v2\/users\/1"}],"replies":[{"embeddable":true,"href":"https:\/\/playamujeres.com.mx\/es\/wp-json\/wp\/v2\/comments?post=188"}],"version-history":[{"count":3,"href":"https:\/\/playamujeres.com.mx\/es\/wp-json\/wp\/v2\/pages\/188\/revisions"}],"predecessor-version":[{"id":398,"href":"https:\/\/playamujeres.com.mx\/es\/wp-json\/wp\/v2\/pages\/188\/revisions\/398"}],"wp:attachment":[{"href":"https:\/\/playamujeres.com.mx\/es\/wp-json\/wp\/v2\/media?parent=188"}],"curies":[{"name":"wp","href":"https:\/\/api.w.org\/{rel}","templated":true}]}}