{"id":28,"date":"2021-12-21T16:29:03","date_gmt":"2021-12-21T16:29:03","guid":{"rendered":"http:\/\/playamujeres.local\/?page_id=28"},"modified":"2025-09-02T20:36:11","modified_gmt":"2025-09-02T20:36:11","slug":"cosas-para-hacer","status":"publish","type":"page","link":"https:\/\/playamujeres.com.mx\/es\/cosas-para-hacer\/","title":{"rendered":"Cosas para hacer"},"content":{"rendered":"","protected":false},"excerpt":{"rendered":"","protected":false},"author":1,"featured_media":0,"parent":0,"menu_order":0,"comment_status":"closed","ping_status":"closed","template":"templates\/tmp-things-to-do-es.php","meta":{"footnotes":""},"class_list":["post-28","page","type-page","status-publish","hentry"],"acf":[],"yoast_head":"<!-- This site is optimized with the Yoast SEO plugin v19.9 - https:\/\/yoast.com\/wordpress\/plugins\/seo\/ -->\n<title>\u00bfQu\u00e9 hacer en Playa Mujeres M\u00e9xico?<\/title>\n<meta name=\"description\" content=\"Descubre qu\u00e9 hacer en Playa Mujeres, M\u00e9xico, y emb\u00e1rcate en una aventura \u00fanica y extraordinaria en el Caribe Mexicano.\" \/>\n<meta name=\"robots\" content=\"index, follow, max-snippet:-1, max-image-preview:large, max-video-preview:-1\" \/>\n<link rel=\"canonical\" href=\"https:\/\/playamujeres.com.mx\/es\/cosas-para-hacer\/\" \/>\n<meta property=\"og:type\" content=\"article\" \/>\n<meta property=\"og:title\" content=\"\u00bfQu\u00e9 hacer en Playa Mujeres M\u00e9xico?\" \/>\n<meta property=\"og:description\" content=\"Descubre qu\u00e9 hacer en Playa Mujeres, M\u00e9xico, y emb\u00e1rcate en una aventura \u00fanica y extraordinaria en el Caribe Mexicano.\" \/>\n<meta property=\"og:url\" content=\"https:\/\/playamujeres.com.mx\/es\/cosas-para-hacer\/\" \/>\n<meta property=\"og:site_name\" content=\"Playa Mujeres Resorts ES\" \/>\n<meta property=\"article:modified_time\" content=\"2025-09-02T20:36:11+00:00\" \/>\n<meta name=\"twitter:card\" content=\"summary_large_image\" \/>\n<!-- \/ Yoast SEO plugin. -->","yoast_head_json":{"title":"\u00bfQu\u00e9 hacer en Playa Mujeres M\u00e9xico?","description":"Descubre qu\u00e9 hacer en Playa Mujeres, M\u00e9xico, y emb\u00e1rcate en una aventura \u00fanica y extraordinaria en el Caribe Mexicano.","robots":{"index":"index","follow":"follow","max-snippet":"max-snippet:-1","max-image-preview":"max-image-preview:large","max-video-preview":"max-video-preview:-1"},"canonical":"https:\/\/playamujeres.com.mx\/es\/cosas-para-hacer\/","og_type":"article","og_title":"\u00bfQu\u00e9 hacer en Playa Mujeres M\u00e9xico?","og_description":"Descubre qu\u00e9 hacer en Playa Mujeres, M\u00e9xico, y emb\u00e1rcate en una aventura \u00fanica y extraordinaria en el Caribe Mexicano.","og_url":"https:\/\/playamujeres.com.mx\/es\/cosas-para-hacer\/","og_site_name":"Playa Mujeres Resorts ES","article_modified_time":"2025-09-02T20:36:11+00:00","twitter_card":"summary_large_image","schema":{"@context":"https:\/\/schema.org","@graph":[{"@type":"WebPage","@id":"https:\/\/playamujeres.com.mx\/es\/cosas-para-hacer\/","url":"https:\/\/playamujeres.com.mx\/es\/cosas-para-hacer\/","name":"\u00bfQu\u00e9 hacer en Playa Mujeres M\u00e9xico?","isPartOf":{"@id":"https:\/\/playamujeres.com.mx\/es\/#website"},"datePublished":"2021-12-21T16:29:03+00:00","dateModified":"2025-09-02T20:36:11+00:00","description":"Descubre qu\u00e9 hacer en Playa Mujeres, M\u00e9xico, y emb\u00e1rcate en una aventura \u00fanica y extraordinaria en el Caribe Mexicano.","breadcrumb":{"@id":"https:\/\/playamujeres.com.mx\/es\/cosas-para-hacer\/#breadcrumb"},"inLanguage":"es","potentialAction":[{"@type":"ReadAction","target":["https:\/\/playamujeres.com.mx\/es\/cosas-para-hacer\/"]}]},{"@type":"BreadcrumbList","@id":"https:\/\/playamujeres.com.mx\/es\/cosas-para-hacer\/#breadcrumb","itemListElement":[{"@type":"ListItem","position":1,"name":"Home","item":"https:\/\/playamujeres.com.mx\/es\/"},{"@type":"ListItem","position":2,"name":"Cosas para hacer"}]},{"@type":"WebSite","@id":"https:\/\/playamujeres.com.mx\/es\/#website","url":"https:\/\/playamujeres.com.mx\/es\/","name":"Playa Mujeres Resorts ES","description":"","potentialAction":[{"@type":"SearchAction","target":{"@type":"EntryPoint","urlTemplate":"https:\/\/playamujeres.com.mx\/es\/?s={search_term_string}"},"query-input":"required name=search_term_string"}],"inLanguage":"es"}]}},"lang":false,"translations":[],"_links":{"self":[{"href":"https:\/\/playamujeres.com.mx\/es\/wp-json\/wp\/v2\/pages\/28","targetHints":{"allow":["GET"]}}],"collection":[{"href":"https:\/\/playamujeres.com.mx\/es\/wp-json\/wp\/v2\/pages"}],"about":[{"href":"https:\/\/playamujeres.com.mx\/es\/wp-json\/wp\/v2\/types\/page"}],"author":[{"embeddable":true,"href":"https:\/\/playamujeres.com.mx\/es\/wp-json\/wp\/v2\/users\/1"}],"replies":[{"embeddable":true,"href":"https:\/\/playamujeres.com.mx\/es\/wp-json\/wp\/v2\/comments?post=28"}],"version-history":[{"count":1,"href":"https:\/\/playamujeres.com.mx\/es\/wp-json\/wp\/v2\/pages\/28\/revisions"}],"predecessor-version":[{"id":91,"href":"https:\/\/playamujeres.com.mx\/es\/wp-json\/wp\/v2\/pages\/28\/revisions\/91"}],"wp:attachment":[{"href":"https:\/\/playamujeres.com.mx\/es\/wp-json\/wp\/v2\/media?parent=28"}],"curies":[{"name":"wp","href":"https:\/\/api.w.org\/{rel}","templated":true}]}}