{"id":402,"date":"2022-08-23T17:54:23","date_gmt":"2022-08-23T17:54:23","guid":{"rendered":"https:\/\/playamujeres.com.mx\/es\/?page_id=402"},"modified":"2026-01-28T17:41:37","modified_gmt":"2026-01-28T17:41:37","slug":"donde-esta-playa-mujeres","status":"publish","type":"page","link":"https:\/\/playamujeres.com.mx\/es\/donde-esta-playa-mujeres\/","title":{"rendered":"Opciones para llegar a playa mujeres"},"content":{"rendered":"\n<div class=\"wp-block-group is-content-justification-center is-layout-flex wp-container-core-group-is-layout-1 wp-block-group-is-layout-flex\">\n<div class=\"row mb-3 mb-md-6 justify-content-center  align-items-center\">\n    <div class=\"col-md-6 mb-5 mb-md-0 \">\n        <div class=\"bottom-shadow\">\n            <img decoding=\"async\" src=\"https:\/\/playamujeres.com.mx\/es\/wp-content\/uploads\/sites\/2\/2026\/01\/sunset-playa-mujeres.webp\" alt=\"\" style=\"border-radius: 0;\">\n        <\/div>\n    <\/div>\n    <div class=\"col-md-6 px-md-2 text-star\">\n        <h2 class=\"text-uppercase text-center text-md-start mb-4 mb-md-3\">UBICACI\u00d3N DE PLAYA MUJERES<\/h2>        <p>Playa Mujeres se ubica en una de las zonas m\u00e1s exclusivas de la costa continental de Isla Mujeres en el estado de Quintana Roo, M\u00e9xico. Playas deslumbrantes de arena blanca, magn\u00edficas vistas de paisaje natural y del Caribe Mexicano son parte del magn\u00edfico entorno que conforma a este para\u00edso tropical. Su privilegiada ubicaci\u00f3n permite una inigualable sensaci\u00f3n de privacidad, manteni\u00e9ndolo cerca de todos los atractivos tur\u00edsticos y el gran ambiente gastron\u00f3mico y nocturno por el cual Canc\u00fan es reconocido.<\/p>\n    <\/div>\n<\/div>\n\n\n<div class=\"row mb-3 mb-md-6 justify-content-center  align-items-center\">\n    <div class=\"col-md-6 mb-5 mb-md-0 order-0 order-md-1\">\n        <div class=\"bottom-shadow\">\n            <img decoding=\"async\" src=\"https:\/\/playamujeres.com.mx\/es\/wp-content\/uploads\/sites\/2\/2022\/09\/airport-cancun.webp\" alt=\"\" style=\"border-radius: 0;\">\n        <\/div>\n    <\/div>\n    <div class=\"col-md-6 px-md-2 text-star\">\n        <h2 class=\"text-uppercase text-center text-md-start mb-4 mb-md-3\">AEROPUERTO M\u00c1S CERCANO A PLAYA MUJERES<\/h2>        <p>El aeropuerto m\u00e1s cercano a Playa Mujeres es el Aeropuerto Internacional de Canc\u00fan, uno de los aeropuertos m\u00e1s grandes, modernos y concurridos de M\u00e9xico, recibiendo y conectando vuelos de las aerol\u00edneas m\u00e1s importantes de Estados Unidos y del mundo, las 24 horas del d\u00eda.<\/p>\n    <\/div>\n<\/div>\n\n\n<div class=\"row mb-3 mb-md-6 justify-content-center  align-items-center\">\n    <div class=\"col-md-6 mb-5 mb-md-0 \">\n        <div class=\"bottom-shadow\">\n            <img decoding=\"async\" src=\"https:\/\/playamujeres.com.mx\/es\/wp-content\/uploads\/sites\/2\/2026\/01\/airport-playa-mujeres.webp\" alt=\"\" style=\"border-radius: 0;\">\n        <\/div>\n    <\/div>\n    <div class=\"col-md-6 px-md-2 text-star\">\n        <h2 class=\"text-uppercase text-center text-md-start mb-4 mb-md-3\">DISTANCIA DEL AEROPUERTO A PLAYA MUJERES<\/h2>        <p>Playa Mujeres se encuentra a 30.4 km del Aeropuerto Internacional de Canc\u00fan. En condiciones de tr\u00e1fico regular, un viaje desde el aeropuerto hasta Playa Mujeres tiene una duraci\u00f3n aproximada de 35 minutos en autom\u00f3vil o servicio de transporte privado.<\/p>\n    <\/div>\n<\/div>\n\n\n<div class=\"row mb-3 mb-md-6 justify-content-center  align-items-center\">\n    <div class=\"col-md-6 mb-5 mb-md-0 order-0 order-md-1\">\n        <div class=\"bottom-shadow\">\n            <img decoding=\"async\" src=\"https:\/\/playamujeres.com.mx\/es\/wp-content\/uploads\/sites\/2\/2026\/01\/beach-playa-mujeres.webp\" alt=\"\" style=\"border-radius: 0;\">\n        <\/div>\n    <\/div>\n    <div class=\"col-md-6 px-md-2 text-star\">\n        <h2 class=\"text-uppercase text-center text-md-start mb-4 mb-md-3\">TRANSPORTACI\u00d3N DESDE EL AEROPUERTO A PLAYA MUJERES<\/h2>        <p>Existen diferentes servicios de transportaci\u00f3n desde el Aeropuerto Internacional de Canc\u00fan hacia Playa Mujeres. Estos pueden ser adquiridos con anticipaci\u00f3n al momento de realizar su reservaci\u00f3n por medio de una agencia de viajes o directamente con el resort elegido. Adem\u00e1s, al interior del aeropuerto, en las \u00e1reas de recolecci\u00f3n de equipaje, encontrar\u00e1 opciones para contratar servicios de transporte seguro y autorizado como taxis y vans privadas con tarifas determinadas en funci\u00f3n del tipo de veh\u00edculo y tama\u00f1o del grupo con el que viaje.<\/p>\n    <\/div>\n<\/div>\n\n\n<div class=\"row mb-3 mb-md-6 justify-content-center  align-items-center\">\n    <div class=\"col-md-6 mb-5 mb-md-0 \">\n        <div class=\"bottom-shadow\">\n            <img decoding=\"async\" src=\"https:\/\/playamujeres.com.mx\/es\/wp-content\/uploads\/sites\/2\/2022\/08\/baggage-playa-mujeres.webp\" alt=\"\" style=\"border-radius: 0;\">\n        <\/div>\n    <\/div>\n    <div class=\"col-md-6 px-md-2 text-star\">\n        <h2 class=\"text-uppercase text-center text-md-start mb-4 mb-md-3\">OPCIONES DE RENTA DE VEH\u00cdCULOS DESDE EL AEROPUERTO DE CANC\u00daN<\/h2>        <p>Si elige llegar a su resort por su cuenta, las arrendadoras de veh\u00edculos m\u00e1s prestigiosas ofrecen servicios para rentar un auto y recogerlo directamente en el aeropuerto. Es posible realizar la reservaci\u00f3n previo a su llegada o directamente en los cub\u00edculos de las arrendadoras ubicados en el \u00e1rea de recepci\u00f3n de equipaje del aeropuerto. Todos los resorts de Playa Mujeres cuentan con servicio de valet parking y espacios de estacionamiento para mantener su veh\u00edculo seguro.<\/p>\n    <\/div>\n<\/div><\/div>\n","protected":false},"excerpt":{"rendered":"","protected":false},"author":4,"featured_media":0,"parent":0,"menu_order":0,"comment_status":"closed","ping_status":"closed","template":"templates\/tmp-airport-es.php","meta":{"footnotes":""},"class_list":["post-402","page","type-page","status-publish","hentry"],"acf":[],"yoast_head":"<!-- This site is optimized with the Yoast SEO plugin v19.9 - https:\/\/yoast.com\/wordpress\/plugins\/seo\/ -->\n<title>\u00bfC\u00f3mo llegar a Playa Mujeres M\u00e9xico?<\/title>\n<meta name=\"description\" content=\"Playa Mujeres se ubica a 30.4 km del Aeropuerto Internacional de Canc\u00fan. Podr\u00e1 elegir diferentes opciones de servicio de transportaci\u00f3n a su resort.\" \/>\n<meta name=\"robots\" content=\"index, follow, max-snippet:-1, max-image-preview:large, max-video-preview:-1\" \/>\n<link rel=\"canonical\" href=\"https:\/\/playamujeres.com.mx\/es\/donde-esta-playa-mujeres\/\" \/>\n<meta property=\"og:type\" content=\"article\" \/>\n<meta property=\"og:title\" content=\"\u00bfC\u00f3mo llegar a Playa Mujeres M\u00e9xico?\" \/>\n<meta property=\"og:description\" content=\"Playa Mujeres se ubica a 30.4 km del Aeropuerto Internacional de Canc\u00fan. Podr\u00e1 elegir diferentes opciones de servicio de transportaci\u00f3n a su resort.\" \/>\n<meta property=\"og:url\" content=\"https:\/\/playamujeres.com.mx\/es\/donde-esta-playa-mujeres\/\" \/>\n<meta property=\"og:site_name\" content=\"Playa Mujeres Resorts ES\" \/>\n<meta property=\"article:modified_time\" content=\"2026-01-28T17:41:37+00:00\" \/>\n<meta name=\"twitter:card\" content=\"summary_large_image\" \/>\n<!-- \/ Yoast SEO plugin. -->","yoast_head_json":{"title":"\u00bfC\u00f3mo llegar a Playa Mujeres M\u00e9xico?","description":"Playa Mujeres se ubica a 30.4 km del Aeropuerto Internacional de Canc\u00fan. Podr\u00e1 elegir diferentes opciones de servicio de transportaci\u00f3n a su resort.","robots":{"index":"index","follow":"follow","max-snippet":"max-snippet:-1","max-image-preview":"max-image-preview:large","max-video-preview":"max-video-preview:-1"},"canonical":"https:\/\/playamujeres.com.mx\/es\/donde-esta-playa-mujeres\/","og_type":"article","og_title":"\u00bfC\u00f3mo llegar a Playa Mujeres M\u00e9xico?","og_description":"Playa Mujeres se ubica a 30.4 km del Aeropuerto Internacional de Canc\u00fan. Podr\u00e1 elegir diferentes opciones de servicio de transportaci\u00f3n a su resort.","og_url":"https:\/\/playamujeres.com.mx\/es\/donde-esta-playa-mujeres\/","og_site_name":"Playa Mujeres Resorts ES","article_modified_time":"2026-01-28T17:41:37+00:00","twitter_card":"summary_large_image","schema":{"@context":"https:\/\/schema.org","@graph":[{"@type":"WebPage","@id":"https:\/\/playamujeres.com.mx\/es\/donde-esta-playa-mujeres\/","url":"https:\/\/playamujeres.com.mx\/es\/donde-esta-playa-mujeres\/","name":"\u00bfC\u00f3mo llegar a Playa Mujeres M\u00e9xico?","isPartOf":{"@id":"https:\/\/playamujeres.com.mx\/es\/#website"},"datePublished":"2022-08-23T17:54:23+00:00","dateModified":"2026-01-28T17:41:37+00:00","description":"Playa Mujeres se ubica a 30.4 km del Aeropuerto Internacional de Canc\u00fan. Podr\u00e1 elegir diferentes opciones de servicio de transportaci\u00f3n a su resort.","breadcrumb":{"@id":"https:\/\/playamujeres.com.mx\/es\/donde-esta-playa-mujeres\/#breadcrumb"},"inLanguage":"es","potentialAction":[{"@type":"ReadAction","target":["https:\/\/playamujeres.com.mx\/es\/donde-esta-playa-mujeres\/"]}]},{"@type":"BreadcrumbList","@id":"https:\/\/playamujeres.com.mx\/es\/donde-esta-playa-mujeres\/#breadcrumb","itemListElement":[{"@type":"ListItem","position":1,"name":"Home","item":"https:\/\/playamujeres.com.mx\/es\/"},{"@type":"ListItem","position":2,"name":"Opciones para llegar a playa mujeres"}]},{"@type":"WebSite","@id":"https:\/\/playamujeres.com.mx\/es\/#website","url":"https:\/\/playamujeres.com.mx\/es\/","name":"Playa Mujeres Resorts ES","description":"","potentialAction":[{"@type":"SearchAction","target":{"@type":"EntryPoint","urlTemplate":"https:\/\/playamujeres.com.mx\/es\/?s={search_term_string}"},"query-input":"required name=search_term_string"}],"inLanguage":"es"}]}},"lang":false,"translations":[],"_links":{"self":[{"href":"https:\/\/playamujeres.com.mx\/es\/wp-json\/wp\/v2\/pages\/402","targetHints":{"allow":["GET"]}}],"collection":[{"href":"https:\/\/playamujeres.com.mx\/es\/wp-json\/wp\/v2\/pages"}],"about":[{"href":"https:\/\/playamujeres.com.mx\/es\/wp-json\/wp\/v2\/types\/page"}],"author":[{"embeddable":true,"href":"https:\/\/playamujeres.com.mx\/es\/wp-json\/wp\/v2\/users\/4"}],"replies":[{"embeddable":true,"href":"https:\/\/playamujeres.com.mx\/es\/wp-json\/wp\/v2\/comments?post=402"}],"version-history":[{"count":33,"href":"https:\/\/playamujeres.com.mx\/es\/wp-json\/wp\/v2\/pages\/402\/revisions"}],"predecessor-version":[{"id":11592,"href":"https:\/\/playamujeres.com.mx\/es\/wp-json\/wp\/v2\/pages\/402\/revisions\/11592"}],"wp:attachment":[{"href":"https:\/\/playamujeres.com.mx\/es\/wp-json\/wp\/v2\/media?parent=402"}],"curies":[{"name":"wp","href":"https:\/\/api.w.org\/{rel}","templated":true}]}}