{"id":520,"date":"2022-11-25T22:20:53","date_gmt":"2022-11-25T22:20:53","guid":{"rendered":"https:\/\/playamujeres.com.mx\/es\/?page_id=520"},"modified":"2025-09-02T22:32:32","modified_gmt":"2025-09-02T22:32:32","slug":"politica-de-cookies","status":"publish","type":"page","link":"https:\/\/playamujeres.com.mx\/es\/politica-de-cookies\/","title":{"rendered":"Pol\u00edtica de cookies"},"content":{"rendered":"\n<h1 class=\"text-gold\" style=\"text-align: center;\">POL\u00cdTICA DE COOKIES<\/h1><br><br>\n\n\n\n<p><strong>1.1<\/strong> Nuestro sitio web utiliza cookies.<\/p>\n\n\n\n<p><strong>1.2<\/strong> Una cookie es un archivo que contiene un identificador (una cadena de letras y n\u00fameros) que un servidor web env\u00eda a un navegador web y que el navegador almacena. Luego, el identificador se env\u00eda de vuelta al servidor cada vez que el navegador solicita una p\u00e1gina del servidor.<\/p>\n\n\n\n<p><strong>1.3<\/strong> Las cookies pueden ser cookies &#8220;persistentes&#8221; o cookies de &#8220;sesi\u00f3n&#8221;: un navegador web almacenar\u00e1 una cookie persistente y seguir\u00e1 siendo v\u00e1lida hasta la fecha de vencimiento establecida, a menos que el usuario la elimine antes de la fecha de vencimiento; una cookie de sesi\u00f3n, por otro lado, caducar\u00e1 al final de la sesi\u00f3n del usuario, cuando se cierre el navegador web.<\/p>\n\n\n\n<p><strong>1.4<\/strong> Las cookies normalmente no contienen ninguna informaci\u00f3n que identifique personalmente a un usuario, pero la informaci\u00f3n personal que almacenamos sobre usted puede estar vinculada a la informaci\u00f3n almacenada y obtenida de las cookies.<\/p>\n\n\n\n<p><strong>1.5<\/strong> Utilizamos solo cookies de sesi\u00f3n en nuestro sitio web.<\/p>\n\n\n\n<p><strong>1.6<\/strong> Los nombres de las cookies que utilizamos en nuestro sitio web y los fines para los que se utilizan se establecen a continuaci\u00f3n:<\/p>\n\n\n\n<p>(a) utilizamos cookies de Shopify en nuestro sitio web, lo que permite el uso de un carrito de compras en el sitio web; as\u00ed como reconoce a quienes tienen una cuenta registrada en nuestro sitio web de Shopify;<\/p>\n\n\n\n<p>(b) utilizamos cookies de Google Analytics en nuestro sitio web que rastrean a los usuarios mientras navegan por el sitio web y analizan el uso del sitio web;<\/p>\n\n\n\n<p><strong>1.7<\/strong> La mayor\u00eda de los navegadores le permiten negarse a aceptar cookies; por ejemplo:<\/p>\n\n\n\n<p>(a) en Internet Explorer (versi\u00f3n 11) puede bloquear las cookies usando la configuraci\u00f3n de anulaci\u00f3n del manejo de cookies disponible al hacer clic en &#8220;Herramientas&#8221;, &#8220;Opciones de Internet&#8221;, &#8220;Privacidad&#8221; y luego en &#8220;Avanzado&#8221;;<\/p>\n\n\n\n<p>(b) en Firefox (versi\u00f3n 39) puede bloquear todas las cookies haciendo clic en &#8220;Herramientas&#8221;, &#8220;Opciones&#8221;, &#8220;Privacidad&#8221;, seleccionando &#8220;Usar configuraci\u00f3n personalizada para el historial&#8221; en el men\u00fa desplegable y desmarcando &#8220;Aceptar cookies de sitios ; y<\/p>\n\n\n\n<p>(c) en Chrome (versi\u00f3n 44), puede bloquear todas las cookies accediendo al men\u00fa &#8220;Personalizar y controlar&#8221; y haciendo clic en &#8220;Configuraci\u00f3n&#8221;, &#8220;Mostrar configuraci\u00f3n avanzada&#8221; y &#8220;Configuraci\u00f3n de contenido&#8221;, y luego seleccionando &#8220;Bloquear sitios de configuraci\u00f3n&#8221;. ning\u00fan dato bajo el encabezado \u201cCookies.<\/p>\n\n\n\n<p><strong>1.8<\/strong> El bloqueo de todas las cookies tendr\u00e1 un impacto negativo en la usabilidad de muchos sitios web.<\/p>\n\n\n\n<p><strong>1.9<\/strong> Si bloquea las cookies, no podr\u00e1 utilizar todas las funciones de nuestro sitio web.<\/p>\n\n\n\n<p><strong>1.10<\/strong> Puede eliminar las cookies ya almacenadas en su computadora; por ejemplo:<\/p>\n\n\n\n<p>(a) en Internet Explorer (versi\u00f3n 11), debe eliminar manualmente los archivos de cookies&nbsp;<\/p>\n\n\n\n<p>(b) en Firefox (versi\u00f3n 39), puede eliminar las cookies haciendo clic en &#8220;Herramientas&#8221;, &#8220;Opciones&#8221; y &#8220;Privacidad&#8221;, luego seleccionando &#8220;Usar configuraci\u00f3n personalizada para el historial&#8221; en el men\u00fa desplegable, haciendo clic en &#8220;Mostrar cookies&#8221;, y luego haciendo clic en &#8220;Eliminar todas las cookies&#8221;; y(c) en Chrome (versi\u00f3n 44), puede eliminar todas las cookies accediendo al men\u00fa &#8220;Personalizar y controlar&#8221;, y haciendo clic en &#8220;Configuraci\u00f3n&#8221;, &#8220;Mostrar configuraci\u00f3n avanzada&#8221; y &#8220;Borrar datos de navegaci\u00f3n&#8221;, y luego seleccionando &#8220;Cookies y otros&#8221;. datos del sitio y complementos antes de hacer clic en \u201cBorrar datos de navegaci\u00f3n.<\/p>\n\n\n\n<p><strong>1.11<\/strong> Eliminar las cookies tendr\u00e1 un impacto negativo en la usabilidad de muchos sitios web.<\/p>\n\n\n\n<p><strong>Nuestra informaci\u00f3n:<\/strong><\/p>\n\n\n\n<p><strong>2.<\/strong> Este sitio web es propiedad y est\u00e1 operado por PLAYA MUJERES CONTINENTAL A.C.<\/p>\n\n\n\n<p><strong>3.1<\/strong> Estamos registrados en M\u00e9xico bajo el n\u00famero de registro PMC1308057G0, y nuestro domicilio social es Calle Paseo Mujeres. Manzana 1 Lote AS 1. C.P. 77400. Isla Mujeres, Q.Roo.&nbsp;3.2 Puede ponerse en contacto con nosotros escribiendo a la direcci\u00f3n comercial indicada anteriormente, utilizando el formulario de contacto de nuestro sitio web, por correo electr\u00f3nico a <a href=\"mailto:playamujerescomplex@gmail.com\">playamujerescomplex@gmail.com<\/a>.&nbsp; Si desea hablar con nosotros por tel\u00e9fono, env\u00edenos un correo electr\u00f3nico a la direcci\u00f3n anterior y haremos los arreglos para llamarlo.<\/p>\n","protected":false},"excerpt":{"rendered":"<p>POL\u00cdTICA DE COOKIES 1.1 Nuestro sitio web utiliza cookies. 1.2 Una cookie es un archivo que contiene un identificador (una cadena de letras y n\u00fameros) que un servidor web env\u00eda a un navegador web y que el navegador almacena. Luego, el identificador se env\u00eda de vuelta al servidor cada vez que el navegador solicita una [&hellip;]<\/p>\n","protected":false},"author":4,"featured_media":0,"parent":0,"menu_order":0,"comment_status":"closed","ping_status":"closed","template":"","meta":{"footnotes":""},"class_list":["post-520","page","type-page","status-publish","hentry"],"acf":[],"yoast_head":"<!-- This site is optimized with the Yoast SEO plugin v19.9 - https:\/\/yoast.com\/wordpress\/plugins\/seo\/ -->\n<title>Pol\u00edtica de cookies - Playa Mujeres Resorts<\/title>\n<meta name=\"description\" content=\"Playa Mujeres conforme a la Ley Federal de Protecci\u00f3n de Datos Personales, presenta la siguiente pol\u00edtica de cookies.\" \/>\n<meta name=\"robots\" content=\"index, follow, max-snippet:-1, max-image-preview:large, max-video-preview:-1\" \/>\n<link rel=\"canonical\" href=\"https:\/\/playamujeres.com.mx\/es\/politica-de-cookies\/\" \/>\n<meta property=\"og:type\" content=\"article\" \/>\n<meta property=\"og:title\" content=\"Pol\u00edtica de cookies - Playa Mujeres Resorts\" \/>\n<meta property=\"og:description\" content=\"Playa Mujeres conforme a la Ley Federal de Protecci\u00f3n de Datos Personales, presenta la siguiente pol\u00edtica de cookies.\" \/>\n<meta property=\"og:url\" content=\"https:\/\/playamujeres.com.mx\/es\/politica-de-cookies\/\" \/>\n<meta property=\"og:site_name\" content=\"Playa Mujeres Resorts ES\" \/>\n<meta property=\"article:modified_time\" content=\"2025-09-02T22:32:32+00:00\" \/>\n<meta name=\"twitter:card\" content=\"summary_large_image\" \/>\n<meta name=\"twitter:label1\" content=\"Tiempo de lectura\" \/>\n\t<meta name=\"twitter:data1\" content=\"3 minutos\" \/>\n<!-- \/ Yoast SEO plugin. -->","yoast_head_json":{"title":"Pol\u00edtica de cookies - Playa Mujeres Resorts","description":"Playa Mujeres conforme a la Ley Federal de Protecci\u00f3n de Datos Personales, presenta la siguiente pol\u00edtica de cookies.","robots":{"index":"index","follow":"follow","max-snippet":"max-snippet:-1","max-image-preview":"max-image-preview:large","max-video-preview":"max-video-preview:-1"},"canonical":"https:\/\/playamujeres.com.mx\/es\/politica-de-cookies\/","og_type":"article","og_title":"Pol\u00edtica de cookies - Playa Mujeres Resorts","og_description":"Playa Mujeres conforme a la Ley Federal de Protecci\u00f3n de Datos Personales, presenta la siguiente pol\u00edtica de cookies.","og_url":"https:\/\/playamujeres.com.mx\/es\/politica-de-cookies\/","og_site_name":"Playa Mujeres Resorts ES","article_modified_time":"2025-09-02T22:32:32+00:00","twitter_card":"summary_large_image","twitter_misc":{"Tiempo de lectura":"3 minutos"},"schema":{"@context":"https:\/\/schema.org","@graph":[{"@type":"WebPage","@id":"https:\/\/playamujeres.com.mx\/es\/politica-de-cookies\/","url":"https:\/\/playamujeres.com.mx\/es\/politica-de-cookies\/","name":"Pol\u00edtica de cookies - Playa Mujeres Resorts","isPartOf":{"@id":"https:\/\/playamujeres.com.mx\/es\/#website"},"datePublished":"2022-11-25T22:20:53+00:00","dateModified":"2025-09-02T22:32:32+00:00","description":"Playa Mujeres conforme a la Ley Federal de Protecci\u00f3n de Datos Personales, presenta la siguiente pol\u00edtica de cookies.","breadcrumb":{"@id":"https:\/\/playamujeres.com.mx\/es\/politica-de-cookies\/#breadcrumb"},"inLanguage":"es","potentialAction":[{"@type":"ReadAction","target":["https:\/\/playamujeres.com.mx\/es\/politica-de-cookies\/"]}]},{"@type":"BreadcrumbList","@id":"https:\/\/playamujeres.com.mx\/es\/politica-de-cookies\/#breadcrumb","itemListElement":[{"@type":"ListItem","position":1,"name":"Home","item":"https:\/\/playamujeres.com.mx\/es\/"},{"@type":"ListItem","position":2,"name":"Pol\u00edtica de cookies"}]},{"@type":"WebSite","@id":"https:\/\/playamujeres.com.mx\/es\/#website","url":"https:\/\/playamujeres.com.mx\/es\/","name":"Playa Mujeres Resorts ES","description":"","potentialAction":[{"@type":"SearchAction","target":{"@type":"EntryPoint","urlTemplate":"https:\/\/playamujeres.com.mx\/es\/?s={search_term_string}"},"query-input":"required name=search_term_string"}],"inLanguage":"es"}]}},"lang":false,"translations":[],"_links":{"self":[{"href":"https:\/\/playamujeres.com.mx\/es\/wp-json\/wp\/v2\/pages\/520","targetHints":{"allow":["GET"]}}],"collection":[{"href":"https:\/\/playamujeres.com.mx\/es\/wp-json\/wp\/v2\/pages"}],"about":[{"href":"https:\/\/playamujeres.com.mx\/es\/wp-json\/wp\/v2\/types\/page"}],"author":[{"embeddable":true,"href":"https:\/\/playamujeres.com.mx\/es\/wp-json\/wp\/v2\/users\/4"}],"replies":[{"embeddable":true,"href":"https:\/\/playamujeres.com.mx\/es\/wp-json\/wp\/v2\/comments?post=520"}],"version-history":[{"count":2,"href":"https:\/\/playamujeres.com.mx\/es\/wp-json\/wp\/v2\/pages\/520\/revisions"}],"predecessor-version":[{"id":2892,"href":"https:\/\/playamujeres.com.mx\/es\/wp-json\/wp\/v2\/pages\/520\/revisions\/2892"}],"wp:attachment":[{"href":"https:\/\/playamujeres.com.mx\/es\/wp-json\/wp\/v2\/media?parent=520"}],"curies":[{"name":"wp","href":"https:\/\/api.w.org\/{rel}","templated":true}]}}