{"id":68,"date":"2021-12-21T16:14:55","date_gmt":"2021-12-21T16:14:55","guid":{"rendered":"http:\/\/playamujeres.local\/?page_id=5"},"modified":"2025-08-29T21:05:38","modified_gmt":"2025-08-29T21:05:38","slug":"inicio","status":"publish","type":"page","link":"https:\/\/playamujeres.com.mx\/es\/","title":{"rendered":"Inicio"},"content":{"rendered":"","protected":false},"excerpt":{"rendered":"","protected":false},"author":1,"featured_media":0,"parent":0,"menu_order":0,"comment_status":"closed","ping_status":"closed","template":"templates\/tmp-homepage-es.php","meta":{"footnotes":""},"class_list":["post-68","page","type-page","status-publish","hentry"],"acf":[],"yoast_head":"<!-- This site is optimized with the Yoast SEO plugin v19.9 - https:\/\/yoast.com\/wordpress\/plugins\/seo\/ -->\n<title>Incomparable destino de Playa y Lujo - Playa Mujeres M\u00e9xico<\/title>\n<meta name=\"description\" content=\"Playa Mujeres es un para\u00edso privado cerca de Canc\u00fan. Enriquece tu experiencia vacacional; envu\u00e9lvete en lujo, experiencias y c\u00e1lida hospitalidad.\" \/>\n<meta name=\"robots\" content=\"index, follow, max-snippet:-1, max-image-preview:large, max-video-preview:-1\" \/>\n<link rel=\"canonical\" href=\"https:\/\/playamujeres.com.mx\/es\/\" \/>\n<meta property=\"og:type\" content=\"article\" \/>\n<meta property=\"og:title\" content=\"Incomparable destino de Playa y Lujo - Playa Mujeres M\u00e9xico\" \/>\n<meta property=\"og:description\" content=\"Playa Mujeres es un para\u00edso privado cerca de Canc\u00fan. Enriquece tu experiencia vacacional; envu\u00e9lvete en lujo, experiencias y c\u00e1lida hospitalidad.\" \/>\n<meta property=\"og:url\" content=\"https:\/\/playamujeres.com.mx\/es\/\" \/>\n<meta property=\"og:site_name\" content=\"Playa Mujeres Resorts ES\" \/>\n<meta property=\"article:modified_time\" content=\"2025-08-29T21:05:38+00:00\" \/>\n<meta name=\"twitter:card\" content=\"summary_large_image\" \/>\n<!-- \/ Yoast SEO plugin. -->","yoast_head_json":{"title":"Incomparable destino de Playa y Lujo - Playa Mujeres M\u00e9xico","description":"Playa Mujeres es un para\u00edso privado cerca de Canc\u00fan. Enriquece tu experiencia vacacional; envu\u00e9lvete en lujo, experiencias y c\u00e1lida hospitalidad.","robots":{"index":"index","follow":"follow","max-snippet":"max-snippet:-1","max-image-preview":"max-image-preview:large","max-video-preview":"max-video-preview:-1"},"canonical":"https:\/\/playamujeres.com.mx\/es\/","og_type":"article","og_title":"Incomparable destino de Playa y Lujo - Playa Mujeres M\u00e9xico","og_description":"Playa Mujeres es un para\u00edso privado cerca de Canc\u00fan. Enriquece tu experiencia vacacional; envu\u00e9lvete en lujo, experiencias y c\u00e1lida hospitalidad.","og_url":"https:\/\/playamujeres.com.mx\/es\/","og_site_name":"Playa Mujeres Resorts ES","article_modified_time":"2025-08-29T21:05:38+00:00","twitter_card":"summary_large_image","schema":{"@context":"https:\/\/schema.org","@graph":[{"@type":"WebPage","@id":"https:\/\/playamujeres.com.mx\/es\/","url":"https:\/\/playamujeres.com.mx\/es\/","name":"Incomparable destino de Playa y Lujo - Playa Mujeres M\u00e9xico","isPartOf":{"@id":"https:\/\/playamujeres.com.mx\/es\/#website"},"datePublished":"2021-12-21T16:14:55+00:00","dateModified":"2025-08-29T21:05:38+00:00","description":"Playa Mujeres es un para\u00edso privado cerca de Canc\u00fan. Enriquece tu experiencia vacacional; envu\u00e9lvete en lujo, experiencias y c\u00e1lida hospitalidad.","breadcrumb":{"@id":"https:\/\/playamujeres.com.mx\/es\/#breadcrumb"},"inLanguage":"es","potentialAction":[{"@type":"ReadAction","target":["https:\/\/playamujeres.com.mx\/es\/"]}]},{"@type":"BreadcrumbList","@id":"https:\/\/playamujeres.com.mx\/es\/#breadcrumb","itemListElement":[{"@type":"ListItem","position":1,"name":"Home","item":"https:\/\/playamujeres.com.mx\/es\/"},{"@type":"ListItem","position":2,"name":"Inicio"}]},{"@type":"WebSite","@id":"https:\/\/playamujeres.com.mx\/es\/#website","url":"https:\/\/playamujeres.com.mx\/es\/","name":"Playa Mujeres Resorts ES","description":"","potentialAction":[{"@type":"SearchAction","target":{"@type":"EntryPoint","urlTemplate":"https:\/\/playamujeres.com.mx\/es\/?s={search_term_string}"},"query-input":"required name=search_term_string"}],"inLanguage":"es"}]}},"lang":false,"translations":[],"_links":{"self":[{"href":"https:\/\/playamujeres.com.mx\/es\/wp-json\/wp\/v2\/pages\/68","targetHints":{"allow":["GET"]}}],"collection":[{"href":"https:\/\/playamujeres.com.mx\/es\/wp-json\/wp\/v2\/pages"}],"about":[{"href":"https:\/\/playamujeres.com.mx\/es\/wp-json\/wp\/v2\/types\/page"}],"author":[{"embeddable":true,"href":"https:\/\/playamujeres.com.mx\/es\/wp-json\/wp\/v2\/users\/1"}],"replies":[{"embeddable":true,"href":"https:\/\/playamujeres.com.mx\/es\/wp-json\/wp\/v2\/comments?post=68"}],"version-history":[{"count":1,"href":"https:\/\/playamujeres.com.mx\/es\/wp-json\/wp\/v2\/pages\/68\/revisions"}],"predecessor-version":[{"id":87,"href":"https:\/\/playamujeres.com.mx\/es\/wp-json\/wp\/v2\/pages\/68\/revisions\/87"}],"wp:attachment":[{"href":"https:\/\/playamujeres.com.mx\/es\/wp-json\/wp\/v2\/media?parent=68"}],"curies":[{"name":"wp","href":"https:\/\/api.w.org\/{rel}","templated":true}]}}