{"id":8245,"date":"2024-09-06T18:45:29","date_gmt":"2024-09-06T18:45:29","guid":{"rendered":"https:\/\/playamujeres.com.mx\/es\/?page_id=8245"},"modified":"2025-09-02T20:49:28","modified_gmt":"2025-09-02T20:49:28","slug":"galeria","status":"publish","type":"page","link":"https:\/\/playamujeres.com.mx\/es\/galeria\/","title":{"rendered":"Galer\u00eda"},"content":{"rendered":"","protected":false},"excerpt":{"rendered":"","protected":false},"author":8,"featured_media":0,"parent":0,"menu_order":0,"comment_status":"closed","ping_status":"closed","template":"templates\/tmp-dinamyc-gallery-mult.php","meta":{"footnotes":""},"class_list":["post-8245","page","type-page","status-publish","hentry"],"acf":[],"yoast_head":"<!-- This site is optimized with the Yoast SEO plugin v19.9 - https:\/\/yoast.com\/wordpress\/plugins\/seo\/ -->\n<title>Fotos Galer\u00eda - Playa Mujeres M\u00e9xico<\/title>\n<meta name=\"description\" content=\"Visita nuestra galer\u00eda de fotos de Playa Mujeres M\u00e9xico, y d\u00e9jate inspirar por sus playas paradis\u00edacas y resorts de lujo. Descubre este destino exclusivo.\" \/>\n<meta name=\"robots\" content=\"index, follow, max-snippet:-1, max-image-preview:large, max-video-preview:-1\" \/>\n<link rel=\"canonical\" href=\"https:\/\/playamujeres.com.mx\/es\/galeria\/\" \/>\n<meta property=\"og:type\" content=\"article\" \/>\n<meta property=\"og:title\" content=\"Fotos Galer\u00eda - Playa Mujeres M\u00e9xico\" \/>\n<meta property=\"og:description\" content=\"Visita nuestra galer\u00eda de fotos de Playa Mujeres M\u00e9xico, y d\u00e9jate inspirar por sus playas paradis\u00edacas y resorts de lujo. Descubre este destino exclusivo.\" \/>\n<meta property=\"og:url\" content=\"https:\/\/playamujeres.com.mx\/es\/galeria\/\" \/>\n<meta property=\"og:site_name\" content=\"Playa Mujeres Resorts ES\" \/>\n<meta property=\"article:modified_time\" content=\"2025-09-02T20:49:28+00:00\" \/>\n<meta name=\"twitter:card\" content=\"summary_large_image\" \/>\n<!-- \/ Yoast SEO plugin. -->","yoast_head_json":{"title":"Fotos Galer\u00eda - Playa Mujeres M\u00e9xico","description":"Visita nuestra galer\u00eda de fotos de Playa Mujeres M\u00e9xico, y d\u00e9jate inspirar por sus playas paradis\u00edacas y resorts de lujo. Descubre este destino exclusivo.","robots":{"index":"index","follow":"follow","max-snippet":"max-snippet:-1","max-image-preview":"max-image-preview:large","max-video-preview":"max-video-preview:-1"},"canonical":"https:\/\/playamujeres.com.mx\/es\/galeria\/","og_type":"article","og_title":"Fotos Galer\u00eda - Playa Mujeres M\u00e9xico","og_description":"Visita nuestra galer\u00eda de fotos de Playa Mujeres M\u00e9xico, y d\u00e9jate inspirar por sus playas paradis\u00edacas y resorts de lujo. Descubre este destino exclusivo.","og_url":"https:\/\/playamujeres.com.mx\/es\/galeria\/","og_site_name":"Playa Mujeres Resorts ES","article_modified_time":"2025-09-02T20:49:28+00:00","twitter_card":"summary_large_image","schema":{"@context":"https:\/\/schema.org","@graph":[{"@type":"WebPage","@id":"https:\/\/playamujeres.com.mx\/es\/galeria\/","url":"https:\/\/playamujeres.com.mx\/es\/galeria\/","name":"Fotos Galer\u00eda - Playa Mujeres M\u00e9xico","isPartOf":{"@id":"https:\/\/playamujeres.com.mx\/es\/#website"},"datePublished":"2024-09-06T18:45:29+00:00","dateModified":"2025-09-02T20:49:28+00:00","description":"Visita nuestra galer\u00eda de fotos de Playa Mujeres M\u00e9xico, y d\u00e9jate inspirar por sus playas paradis\u00edacas y resorts de lujo. Descubre este destino exclusivo.","breadcrumb":{"@id":"https:\/\/playamujeres.com.mx\/es\/galeria\/#breadcrumb"},"inLanguage":"es","potentialAction":[{"@type":"ReadAction","target":["https:\/\/playamujeres.com.mx\/es\/galeria\/"]}]},{"@type":"BreadcrumbList","@id":"https:\/\/playamujeres.com.mx\/es\/galeria\/#breadcrumb","itemListElement":[{"@type":"ListItem","position":1,"name":"Home","item":"https:\/\/playamujeres.com.mx\/es\/"},{"@type":"ListItem","position":2,"name":"Galer\u00eda"}]},{"@type":"WebSite","@id":"https:\/\/playamujeres.com.mx\/es\/#website","url":"https:\/\/playamujeres.com.mx\/es\/","name":"Playa Mujeres Resorts ES","description":"","potentialAction":[{"@type":"SearchAction","target":{"@type":"EntryPoint","urlTemplate":"https:\/\/playamujeres.com.mx\/es\/?s={search_term_string}"},"query-input":"required name=search_term_string"}],"inLanguage":"es"}]}},"lang":false,"translations":[],"_links":{"self":[{"href":"https:\/\/playamujeres.com.mx\/es\/wp-json\/wp\/v2\/pages\/8245","targetHints":{"allow":["GET"]}}],"collection":[{"href":"https:\/\/playamujeres.com.mx\/es\/wp-json\/wp\/v2\/pages"}],"about":[{"href":"https:\/\/playamujeres.com.mx\/es\/wp-json\/wp\/v2\/types\/page"}],"author":[{"embeddable":true,"href":"https:\/\/playamujeres.com.mx\/es\/wp-json\/wp\/v2\/users\/8"}],"replies":[{"embeddable":true,"href":"https:\/\/playamujeres.com.mx\/es\/wp-json\/wp\/v2\/comments?post=8245"}],"version-history":[{"count":3,"href":"https:\/\/playamujeres.com.mx\/es\/wp-json\/wp\/v2\/pages\/8245\/revisions"}],"predecessor-version":[{"id":8749,"href":"https:\/\/playamujeres.com.mx\/es\/wp-json\/wp\/v2\/pages\/8245\/revisions\/8749"}],"wp:attachment":[{"href":"https:\/\/playamujeres.com.mx\/es\/wp-json\/wp\/v2\/media?parent=8245"}],"curies":[{"name":"wp","href":"https:\/\/api.w.org\/{rel}","templated":true}]}}